{"id":10,"date":"2025-09-01T15:08:09","date_gmt":"2025-09-01T15:08:09","guid":{"rendered":"https:\/\/viconesquadria.com.br\/?page_id=10"},"modified":"2025-09-01T19:06:06","modified_gmt":"2025-09-01T19:06:06","slug":"vinconesquadrias","status":"publish","type":"page","link":"https:\/\/viconesquadria.com.br\/","title":{"rendered":"Vicon Esquadrias"},"content":{"rendered":"\t\t<div data-elementor-type=\"wp-page\" data-elementor-id=\"10\" class=\"elementor elementor-10\" data-elementor-post-type=\"page\">\n\t\t\t\t<div class=\"elementor-element elementor-element-18d25a5 e-con-full e-flex e-con e-parent\" data-id=\"18d25a5\" data-element_type=\"container\" data-e-type=\"container\" data-settings=\"{&quot;background_background&quot;:&quot;classic&quot;}\">\n\t\t\t\t<div class=\"elementor-element elementor-element-4b0f004 elementor-widget elementor-widget-image\" data-id=\"4b0f004\" data-element_type=\"widget\" data-e-type=\"widget\" data-widget_type=\"image.default\">\n\t\t\t\t\t\t\t\t\t\t\t\t\t\t\t<img fetchpriority=\"high\" decoding=\"async\" width=\"768\" height=\"432\" src=\"https:\/\/viconesquadria.com.br\/wp-content\/uploads\/2025\/09\/LOGO-1-768x432.png\" class=\"attachment-medium_large size-medium_large wp-image-70\" alt=\"\" srcset=\"https:\/\/viconesquadria.com.br\/wp-content\/uploads\/2025\/09\/LOGO-1-768x432.png 768w, https:\/\/viconesquadria.com.br\/wp-content\/uploads\/2025\/09\/LOGO-1-300x169.png 300w, https:\/\/viconesquadria.com.br\/wp-content\/uploads\/2025\/09\/LOGO-1-1024x576.png 1024w, https:\/\/viconesquadria.com.br\/wp-content\/uploads\/2025\/09\/LOGO-1-1536x864.png 1536w, https:\/\/viconesquadria.com.br\/wp-content\/uploads\/2025\/09\/LOGO-1-2048x1152.png 2048w\" sizes=\"(max-width: 768px) 100vw, 768px\" \/>\t\t\t\t\t\t\t\t\t\t\t\t\t\t\t<\/div>\n\t\t\t\t<div class=\"elementor-element elementor-element-8e979f3 elementor-widget elementor-widget-text-editor\" data-id=\"8e979f3\" data-element_type=\"widget\" data-e-type=\"widget\" data-widget_type=\"text-editor.default\">\n\t\t\t\t\t\t\t\t\t<p>Transformamos seu projeto em realidade com esquadrias sob medida.<\/p>\t\t\t\t\t\t\t\t<\/div>\n\t\t\t\t<div class=\"elementor-element elementor-element-350dece elementor-align--mobilecenter elementor-widget-mobile__width-auto elementor-align-center elementor-widget elementor-widget-elementskit-button\" data-id=\"350dece\" data-element_type=\"widget\" data-e-type=\"widget\" data-widget_type=\"elementskit-button.default\">\n\t\t\t\t\t<div class=\"ekit-wid-con\" >\t\t<div class=\"ekit-btn-wraper\">\n\t\t\t\t\t\t\t<a href=\"https:\/\/wa.me\/5562991706645?text=Ol%C3%A1%2C%20venho%20atrav%C3%A9s%20do%20site%2C%20gostaria%20de%20solicitar%20um%20or%C3%A7amento!\" class=\"elementskit-btn  whitespace--normal\" id=\"\">\n\t\t\t\t\tSolicite seu or\u00e7amento<i class=\"icon icon-whatsapp-1\"><\/i>\t\t\t\t<\/a>\n\t\t\t\t\t<\/div>\n        <\/div>\t\t\t\t<\/div>\n\t\t\t\t<\/div>\n\t\t<div class=\"elementor-element elementor-element-1cff6833 e-flex e-con-boxed e-con e-parent\" data-id=\"1cff6833\" data-element_type=\"container\" data-e-type=\"container\">\n\t\t\t\t\t<div class=\"e-con-inner\">\n\t\t<div class=\"elementor-element elementor-element-554eec55 e-con-full e-flex e-con e-child\" data-id=\"554eec55\" data-element_type=\"container\" data-e-type=\"container\">\n\t\t\t\t<div class=\"elementor-element elementor-element-298ee73f elementor-widget elementor-widget-image\" data-id=\"298ee73f\" data-element_type=\"widget\" data-e-type=\"widget\" data-widget_type=\"image.default\">\n\t\t\t\t\t\t\t\t\t\t\t\t\t\t\t<img decoding=\"async\" width=\"683\" height=\"1024\" src=\"https:\/\/viconesquadria.com.br\/wp-content\/uploads\/2025\/09\/ai-generated-modern-styled-entryway-683x1024.jpg\" class=\"attachment-large size-large wp-image-56\" alt=\"\" srcset=\"https:\/\/viconesquadria.com.br\/wp-content\/uploads\/2025\/09\/ai-generated-modern-styled-entryway-683x1024.jpg 683w, https:\/\/viconesquadria.com.br\/wp-content\/uploads\/2025\/09\/ai-generated-modern-styled-entryway-200x300.jpg 200w, https:\/\/viconesquadria.com.br\/wp-content\/uploads\/2025\/09\/ai-generated-modern-styled-entryway-768x1152.jpg 768w, https:\/\/viconesquadria.com.br\/wp-content\/uploads\/2025\/09\/ai-generated-modern-styled-entryway-1024x1536.jpg 1024w, https:\/\/viconesquadria.com.br\/wp-content\/uploads\/2025\/09\/ai-generated-modern-styled-entryway-1365x2048.jpg 1365w, https:\/\/viconesquadria.com.br\/wp-content\/uploads\/2025\/09\/ai-generated-modern-styled-entryway-scaled.jpg 1707w\" sizes=\"(max-width: 683px) 100vw, 683px\" \/>\t\t\t\t\t\t\t\t\t\t\t\t\t\t\t<\/div>\n\t\t\t\t<\/div>\n\t\t<div class=\"elementor-element elementor-element-50d7c19f e-con-full e-flex e-con e-child\" data-id=\"50d7c19f\" data-element_type=\"container\" data-e-type=\"container\">\n\t\t\t\t<div class=\"elementor-element elementor-element-1595c1cd elementor-widget elementor-widget-elementskit-heading\" data-id=\"1595c1cd\" data-element_type=\"widget\" data-e-type=\"widget\" data-widget_type=\"elementskit-heading.default\">\n\t\t\t\t\t<div class=\"ekit-wid-con\" ><div class=\"ekit-heading elementskit-section-title-wraper text_left   ekit_heading_tablet-   ekit_heading_mobile-\"><h2 class=\"ekit-heading--title elementskit-section-title \">A mais de 20 anos no mercado<\/h2>\t\t\t\t<div class='ekit-heading__description'>\n\t\t\t\t\t<p>Mais do que esquadrias, entregamos confian\u00e7a e credibilidade, tradi\u00e7\u00e3o em inova\u00e7\u00e3o, criando solu\u00e7\u00f5es para cada ambiente, compromisso com qualidade do in\u00edcio ao fim do seu projeto.<\/p>\n\t\t\t\t<\/div>\n\t\t\t<\/div><\/div>\t\t\t\t<\/div>\n\t\t<div class=\"elementor-element elementor-element-43cdccbf e-con-full e-grid e-con e-child\" data-id=\"43cdccbf\" data-element_type=\"container\" data-e-type=\"container\">\n\t\t<div class=\"elementor-element elementor-element-6f3aa058 e-con-full e-flex e-con e-child\" data-id=\"6f3aa058\" data-element_type=\"container\" data-e-type=\"container\">\n\t\t\t\t<div class=\"elementor-element elementor-element-7c450851 elementor-widget elementor-widget-elementskit-funfact\" data-id=\"7c450851\" data-element_type=\"widget\" data-e-type=\"widget\" data-widget_type=\"elementskit-funfact.default\">\n\t\t\t\t\t<div class=\"ekit-wid-con\" >\n\t\t<div class=\"elementskit-funfact text-left     \">\n\t\t\t\n\t\t\t<div class=\"elementskit-funfact-inner \">\n\t\t\t\t\n\t\t\t\t<div class=\"funfact-content\">\n\t\t\t\t\t<div class=\"number-percentage-wraper\">\n\t\t\t\t\t\t\t\t\t\t\t\t<span class=\"number-percentage\"\n\t\t\t\t\t\t      data-value=\"200\"\n\t\t\t\t\t\t      data-animation-duration=\"3500\"\n\t\t\t\t\t\t\t  data-style=\"static\">0<\/span>\n\t\t\t\t\t\t+\t\t\t\t\t\t\t\t\t\t\t<\/div>\n\n\t\t\t\t\t<h3 class=\"funfact-title\">Obras entregues<\/h3>\t\t\t\t\t\t\t\t<\/div>\n\t\t<\/div>\n\t\t<\/div>\n\n\n\t\t<\/div>\t\t\t\t<\/div>\n\t\t\t\t<\/div>\n\t\t<div class=\"elementor-element elementor-element-c53117f e-con-full e-flex e-con e-child\" data-id=\"c53117f\" data-element_type=\"container\" data-e-type=\"container\">\n\t\t\t\t<div class=\"elementor-element elementor-element-3d7a18c0 elementor-widget elementor-widget-elementskit-funfact\" data-id=\"3d7a18c0\" data-element_type=\"widget\" data-e-type=\"widget\" data-widget_type=\"elementskit-funfact.default\">\n\t\t\t\t\t<div class=\"ekit-wid-con\" >\n\t\t<div class=\"elementskit-funfact text-left     \">\n\t\t\t\n\t\t\t<div class=\"elementskit-funfact-inner \">\n\t\t\t\t\n\t\t\t\t<div class=\"funfact-content\">\n\t\t\t\t\t<div class=\"number-percentage-wraper\">\n\t\t\t\t\t\t\t\t\t\t\t\t<span class=\"number-percentage\"\n\t\t\t\t\t\t      data-value=\"20\"\n\t\t\t\t\t\t      data-animation-duration=\"3500\"\n\t\t\t\t\t\t\t  data-style=\"static\">0<\/span>\n\t\t\t\t\t\t+\t\t\t\t\t\t\t\t\t\t\t<\/div>\n\n\t\t\t\t\t<h3 class=\"funfact-title\">Anos no mercado<\/h3>\t\t\t\t\t\t\t\t<\/div>\n\t\t<\/div>\n\t\t<\/div>\n\n\n\t\t<\/div>\t\t\t\t<\/div>\n\t\t\t\t<\/div>\n\t\t<div class=\"elementor-element elementor-element-77cf3e86 e-con-full e-flex e-con e-child\" data-id=\"77cf3e86\" data-element_type=\"container\" data-e-type=\"container\">\n\t\t\t\t<div class=\"elementor-element elementor-element-8e8f9a0 elementor-widget__width-initial elementor-widget elementor-widget-button\" data-id=\"8e8f9a0\" data-element_type=\"widget\" data-e-type=\"widget\" data-widget_type=\"button.default\">\n\t\t\t\t\t\t\t\t\t\t<a class=\"elementor-button elementor-button-link elementor-size-sm\" href=\"https:\/\/wa.me\/5562991706645?text=Ol%C3%A1%2C%20venho%20atrav%C3%A9s%20do%20site%2C%20gostaria%20de%20solicitar%20um%20or%C3%A7amento!\">\n\t\t\t\t\t\t<span class=\"elementor-button-content-wrapper\">\n\t\t\t\t\t\t\t\t\t<span class=\"elementor-button-text\">SOLICITE SEU OR\u00c7AMENTO<\/span>\n\t\t\t\t\t<\/span>\n\t\t\t\t\t<\/a>\n\t\t\t\t\t\t\t\t<\/div>\n\t\t\t\t<\/div>\n\t\t\t\t<\/div>\n\t\t\t\t<\/div>\n\t\t\t\t\t<\/div>\n\t\t\t\t<\/div>\n\t\t<div class=\"elementor-element elementor-element-3b9a1675 e-flex e-con-boxed e-con e-parent\" data-id=\"3b9a1675\" data-element_type=\"container\" data-e-type=\"container\" data-settings=\"{&quot;background_background&quot;:&quot;classic&quot;}\">\n\t\t\t\t\t<div class=\"e-con-inner\">\n\t\t\t\t<div class=\"elementor-element elementor-element-52fa8a6b elementor-widget__width-initial elementor-widget-tablet__width-inherit elementor-widget elementor-widget-elementskit-heading\" data-id=\"52fa8a6b\" data-element_type=\"widget\" data-e-type=\"widget\" data-widget_type=\"elementskit-heading.default\">\n\t\t\t\t\t<div class=\"ekit-wid-con\" ><div class=\"ekit-heading elementskit-section-title-wraper text_center   ekit_heading_tablet-   ekit_heading_mobile-\"><h2 class=\"ekit-heading--title elementskit-section-title \">Nossos servi\u00e7os<\/h2><div class=\"ekit_heading_separetor_wraper ekit_heading_elementskit-border-star\"><div class=\"elementskit-border-star\"><\/div><\/div>\t\t\t\t<div class='ekit-heading__description'>\n\t\t\t\t\t<p>\ud83d\udd39 Esquadrias de Alum\u00ednio, \ud83d\udd39 Ripado em Alum\u00ednio, \ud83d\udd39 Portas de Lambril, \ud83d\udd39 Fachadas de Vidro, \ud83d\udd39 Sacadas de Vidro e muito mais...<\/p>\n\t\t\t\t<\/div>\n\t\t\t<\/div><\/div>\t\t\t\t<\/div>\n\t\t\t\t\t<\/div>\n\t\t\t\t<\/div>\n\t\t<div class=\"elementor-element elementor-element-3bae5d3e e-flex e-con-boxed e-con e-parent\" data-id=\"3bae5d3e\" data-element_type=\"container\" data-e-type=\"container\">\n\t\t\t\t\t<div class=\"e-con-inner\">\n\t\t<div class=\"elementor-element elementor-element-15b9c5e9 e-con-full e-grid e-con e-child\" data-id=\"15b9c5e9\" data-element_type=\"container\" data-e-type=\"container\">\n\t\t\t\t<div class=\"elementor-element elementor-element-482b8bd9 elementor-widget elementor-widget-elementskit-team\" data-id=\"482b8bd9\" data-element_type=\"widget\" data-e-type=\"widget\" data-widget_type=\"elementskit-team.default\">\n\t\t\t\t<div class=\"elementor-widget-container\">\n\t\t\t\t\t<div class=\"ekit-wid-con\">\t\t\t\t\t\t\t\t\n\t\t<div class=\"profile-card elementor-animation- text-center ekit-team-style-default\">\n\t\t\t\n\t\t\t\t<div class=\"profile-header ekit-team-img ekit-img-overlay ekit-team-img-block\" >\n\t\t\t\t\t<img decoding=\"async\" width=\"1024\" height=\"1024\" src=\"https:\/\/viconesquadria.com.br\/wp-content\/uploads\/2025\/09\/esquadria-1024x1024.png\" class=\"attachment-large size-large wp-image-58\" alt=\"\" srcset=\"https:\/\/viconesquadria.com.br\/wp-content\/uploads\/2025\/09\/esquadria-1024x1024.png 1024w, https:\/\/viconesquadria.com.br\/wp-content\/uploads\/2025\/09\/esquadria-300x300.png 300w, https:\/\/viconesquadria.com.br\/wp-content\/uploads\/2025\/09\/esquadria-150x150.png 150w, https:\/\/viconesquadria.com.br\/wp-content\/uploads\/2025\/09\/esquadria-768x768.png 768w, https:\/\/viconesquadria.com.br\/wp-content\/uploads\/2025\/09\/esquadria.png 1080w\" sizes=\"(max-width: 1024px) 100vw, 1024px\" \/>\t\t\t\t<\/div><!-- .profile-header END -->\n\t\t\t\n\n\t\t\t\t<div class=\"profile-body\">\n\t\t\t\t\t\n\t\t\t\t\t<h2 class=\"profile-title\">\n\t\t\t\t\t\t\t\t\t\t\tEsquadrias de Alum\u00ednio\t\t\t\t\t\t\t\t\t\t<\/h2>\n\t\t\t\t\t<p class=\"profile-designation\">Durabilidade e acabamento impec\u00e1vel em cada detalhe.<\/p>\n\t\t\t\t\t\t\t\t\t<\/div><!-- .profile-body END -->\n\n\t\t\t\t\t\t\t\t<\/div>\n\t\t\t\t\t\t\t\n\t\t\t\n\t\t\t\t<\/div>\t\t\t\t<\/div>\n\t\t\t\t<\/div>\n\t\t\t\t<div class=\"elementor-element elementor-element-3ea93512 elementor-widget elementor-widget-elementskit-team\" data-id=\"3ea93512\" data-element_type=\"widget\" data-e-type=\"widget\" data-widget_type=\"elementskit-team.default\">\n\t\t\t\t<div class=\"elementor-widget-container\">\n\t\t\t\t\t<div class=\"ekit-wid-con\">\t\t\t\t\t\t\t\t\n\t\t<div class=\"profile-card elementor-animation- text-center ekit-team-style-default\">\n\t\t\t\n\t\t\t\t<div class=\"profile-header ekit-team-img ekit-img-overlay ekit-team-img-block\" >\n\t\t\t\t\t<img loading=\"lazy\" decoding=\"async\" width=\"1024\" height=\"1024\" src=\"https:\/\/viconesquadria.com.br\/wp-content\/uploads\/2025\/09\/painel-ripado-1024x1024.png\" class=\"attachment-large size-large wp-image-59\" alt=\"\" srcset=\"https:\/\/viconesquadria.com.br\/wp-content\/uploads\/2025\/09\/painel-ripado-1024x1024.png 1024w, https:\/\/viconesquadria.com.br\/wp-content\/uploads\/2025\/09\/painel-ripado-300x300.png 300w, https:\/\/viconesquadria.com.br\/wp-content\/uploads\/2025\/09\/painel-ripado-150x150.png 150w, https:\/\/viconesquadria.com.br\/wp-content\/uploads\/2025\/09\/painel-ripado-768x768.png 768w, https:\/\/viconesquadria.com.br\/wp-content\/uploads\/2025\/09\/painel-ripado.png 1080w\" sizes=\"(max-width: 1024px) 100vw, 1024px\" \/>\t\t\t\t<\/div><!-- .profile-header END -->\n\t\t\t\n\n\t\t\t\t<div class=\"profile-body\">\n\t\t\t\t\t\n\t\t\t\t\t<h2 class=\"profile-title\">\n\t\t\t\t\t\t\t\t\t\t\tRipado em Alum\u00ednio\t\t\t\t\t\t\t\t\t\t<\/h2>\n\t\t\t\t\t<p class=\"profile-designation\">Perfeito para quem busca sofistica\u00e7\u00e3o e estilo em cada ambiente.<\/p>\n\t\t\t\t\t\t\t\t\t<\/div><!-- .profile-body END -->\n\n\t\t\t\t\t\t\t\t<\/div>\n\t\t\t\t\t\t\t\n\t\t\t\n\t\t\t\t<\/div>\t\t\t\t<\/div>\n\t\t\t\t<\/div>\n\t\t\t\t<div class=\"elementor-element elementor-element-4a9a1ea2 elementor-widget elementor-widget-elementskit-team\" data-id=\"4a9a1ea2\" data-element_type=\"widget\" data-e-type=\"widget\" data-widget_type=\"elementskit-team.default\">\n\t\t\t\t<div class=\"elementor-widget-container\">\n\t\t\t\t\t<div class=\"ekit-wid-con\">\t\t\t\t\t\t\t\t\n\t\t<div class=\"profile-card elementor-animation- text-center ekit-team-style-default\">\n\t\t\t\n\t\t\t\t<div class=\"profile-header ekit-team-img ekit-img-overlay ekit-team-img-block\" >\n\t\t\t\t\t<img loading=\"lazy\" decoding=\"async\" width=\"1024\" height=\"1024\" src=\"https:\/\/viconesquadria.com.br\/wp-content\/uploads\/2025\/09\/fachada-1024x1024.png\" class=\"attachment-large size-large wp-image-60\" alt=\"\" srcset=\"https:\/\/viconesquadria.com.br\/wp-content\/uploads\/2025\/09\/fachada-1024x1024.png 1024w, https:\/\/viconesquadria.com.br\/wp-content\/uploads\/2025\/09\/fachada-300x300.png 300w, https:\/\/viconesquadria.com.br\/wp-content\/uploads\/2025\/09\/fachada-150x150.png 150w, https:\/\/viconesquadria.com.br\/wp-content\/uploads\/2025\/09\/fachada-768x768.png 768w, https:\/\/viconesquadria.com.br\/wp-content\/uploads\/2025\/09\/fachada.png 1080w\" sizes=\"(max-width: 1024px) 100vw, 1024px\" \/>\t\t\t\t<\/div><!-- .profile-header END -->\n\t\t\t\n\n\t\t\t\t<div class=\"profile-body\">\n\t\t\t\t\t\n\t\t\t\t\t<h2 class=\"profile-title\">\n\t\t\t\t\t\t\t\t\t\t\tFachadas de Vidro\t\t\t\t\t\t\t\t\t\t<\/h2>\n\t\t\t\t\t<p class=\"profile-designation\">Solu\u00e7\u00f5es elegantes e resistentes para empreendimentos de alto padr\u00e3o.<\/p>\n\t\t\t\t\t\t\t\t\t<\/div><!-- .profile-body END -->\n\n\t\t\t\t\t\t\t\t<\/div>\n\t\t\t\t\t\t\t\n\t\t\t\n\t\t\t\t<\/div>\t\t\t\t<\/div>\n\t\t\t\t<\/div>\n\t\t\t\t<\/div>\n\t\t\t\t\t<\/div>\n\t\t\t\t<\/div>\n\t\t<div class=\"elementor-element elementor-element-27b22bc e-con-full e-flex e-con e-parent\" data-id=\"27b22bc\" data-element_type=\"container\" data-e-type=\"container\" data-settings=\"{&quot;background_background&quot;:&quot;classic&quot;}\">\n\t\t<div class=\"elementor-element elementor-element-3b86271 e-con-full e-flex e-con e-child\" data-id=\"3b86271\" data-element_type=\"container\" data-e-type=\"container\">\n\t\t\t\t<div class=\"elementor-element elementor-element-623b75c elementor-widget elementor-widget-heading\" data-id=\"623b75c\" data-element_type=\"widget\" data-e-type=\"widget\" data-widget_type=\"heading.default\">\n\t\t\t\t\t<h3 class=\"elementor-heading-title elementor-size-default\">Contatos:<\/h3>\t\t\t\t<\/div>\n\t\t\t\t<div class=\"elementor-element elementor-element-99e65d4 elementor-align-center elementor-icon-list--layout-traditional elementor-list-item-link-full_width elementor-widget elementor-widget-icon-list\" data-id=\"99e65d4\" data-element_type=\"widget\" data-e-type=\"widget\" data-widget_type=\"icon-list.default\">\n\t\t\t\t\t\t\t<ul class=\"elementor-icon-list-items\">\n\t\t\t\t\t\t\t<li class=\"elementor-icon-list-item\">\n\t\t\t\t\t\t\t\t\t\t\t<span class=\"elementor-icon-list-icon\">\n\t\t\t\t\t\t\t<i aria-hidden=\"true\" class=\"icon icon-whatsapp-1\"><\/i>\t\t\t\t\t\t<\/span>\n\t\t\t\t\t\t\t\t\t\t<span class=\"elementor-icon-list-text\">(62) 9 9170-6645 - Victor Hugo<\/span>\n\t\t\t\t\t\t\t\t\t<\/li>\n\t\t\t\t\t\t\t\t<li class=\"elementor-icon-list-item\">\n\t\t\t\t\t\t\t\t\t\t\t<span class=\"elementor-icon-list-icon\">\n\t\t\t\t\t\t\t<svg aria-hidden=\"true\" class=\"e-font-icon-svg e-fas-map-marker-alt\" viewBox=\"0 0 384 512\" xmlns=\"http:\/\/www.w3.org\/2000\/svg\"><path d=\"M172.268 501.67C26.97 291.031 0 269.413 0 192 0 85.961 85.961 0 192 0s192 85.961 192 192c0 77.413-26.97 99.031-172.268 309.67-9.535 13.774-29.93 13.773-39.464 0zM192 272c44.183 0 80-35.817 80-80s-35.817-80-80-80-80 35.817-80 80 35.817 80 80 80z\"><\/path><\/svg>\t\t\t\t\t\t<\/span>\n\t\t\t\t\t\t\t\t\t\t<span class=\"elementor-icon-list-text\">Rua x20A, Qd 112B Lt 01, Sitios Santa Luzia, Aparecida de Goi\u00e2nia<\/span>\n\t\t\t\t\t\t\t\t\t<\/li>\n\t\t\t\t\t\t<\/ul>\n\t\t\t\t\t\t<\/div>\n\t\t\t\t<div class=\"elementor-element elementor-element-72891af elementor-align-center elementor-widget elementor-widget-elementskit-button\" data-id=\"72891af\" data-element_type=\"widget\" data-e-type=\"widget\" data-widget_type=\"elementskit-button.default\">\n\t\t\t\t\t<div class=\"ekit-wid-con\" >\t\t<div class=\"ekit-btn-wraper\">\n\t\t\t\t\t\t\t<a href=\"https:\/\/wa.me\/5562991706645?text=Ol%C3%A1%2C%20venho%20atrav%C3%A9s%20do%20site%2C%20gostaria%20de%20solicitar%20um%20or%C3%A7amento!\" class=\"elementskit-btn  whitespace--normal\" id=\"\">\n\t\t\t\t\tSolicite seu or\u00e7amento\t\t\t\t<\/a>\n\t\t\t\t\t<\/div>\n        <\/div>\t\t\t\t<\/div>\n\t\t\t\t<\/div>\n\t\t\t\t<\/div>\n\t\t<div class=\"elementor-element elementor-element-d291747 e-flex e-con-boxed e-con e-parent\" data-id=\"d291747\" data-element_type=\"container\" data-e-type=\"container\">\n\t\t\t\t\t<div class=\"e-con-inner\">\n\t\t<div class=\"elementor-element elementor-element-191cb83 e-con-full e-flex e-con e-child\" data-id=\"191cb83\" data-element_type=\"container\" data-e-type=\"container\">\n\t\t\t\t<div class=\"elementor-element elementor-element-a0efdb5 elementor-widget elementor-widget-image\" data-id=\"a0efdb5\" data-element_type=\"widget\" data-e-type=\"widget\" data-widget_type=\"image.default\">\n\t\t\t\t\t\t\t\t\t\t\t\t\t\t\t<img loading=\"lazy\" decoding=\"async\" width=\"350\" height=\"100\" src=\"https:\/\/viconesquadria.com.br\/wp-content\/uploads\/2025\/09\/LOGO.png\" class=\"attachment-medium_large size-medium_large wp-image-14\" alt=\"\" srcset=\"https:\/\/viconesquadria.com.br\/wp-content\/uploads\/2025\/09\/LOGO.png 350w, https:\/\/viconesquadria.com.br\/wp-content\/uploads\/2025\/09\/LOGO-300x86.png 300w\" sizes=\"(max-width: 350px) 100vw, 350px\" \/>\t\t\t\t\t\t\t\t\t\t\t\t\t\t\t<\/div>\n\t\t\t\t<\/div>\n\t\t<div class=\"elementor-element elementor-element-6f8cb34 e-con-full e-flex e-con e-child\" data-id=\"6f8cb34\" data-element_type=\"container\" data-e-type=\"container\">\n\t\t\t\t<div class=\"elementor-element elementor-element-edc2a59 elementor-widget elementor-widget-text-editor\" data-id=\"edc2a59\" data-element_type=\"widget\" data-e-type=\"widget\" data-widget_type=\"text-editor.default\">\n\t\t\t\t\t\t\t\t\t<p>\u00a9 2025 Vicon Esquadrias em Alum\u00ednio \u2013 Todos os direitos reservados.<\/p>\t\t\t\t\t\t\t\t<\/div>\n\t\t\t\t<\/div>\n\t\t\t\t\t<\/div>\n\t\t\t\t<\/div>\n\t\t\t\t<\/div>\n\t\t","protected":false},"excerpt":{"rendered":"<p>Transformamos seu projeto em realidade com esquadrias sob medida. Solicite seu or\u00e7amento A mais de 20 anos no mercado Mais do que esquadrias, entregamos confian\u00e7a e credibilidade, tradi\u00e7\u00e3o em inova\u00e7\u00e3o, criando solu\u00e7\u00f5es para cada ambiente, compromisso com qualidade do in\u00edcio ao fim do seu projeto. 0 + Obras entregues 0 + Anos no mercado SOLICITE [&hellip;]<\/p>\n","protected":false},"author":1,"featured_media":0,"parent":0,"menu_order":0,"comment_status":"closed","ping_status":"closed","template":"elementor_canvas","meta":{"_joinchat":[],"footnotes":""},"class_list":["post-10","page","type-page","status-publish","hentry"],"_links":{"self":[{"href":"https:\/\/viconesquadria.com.br\/index.php?rest_route=\/wp\/v2\/pages\/10","targetHints":{"allow":["GET"]}}],"collection":[{"href":"https:\/\/viconesquadria.com.br\/index.php?rest_route=\/wp\/v2\/pages"}],"about":[{"href":"https:\/\/viconesquadria.com.br\/index.php?rest_route=\/wp\/v2\/types\/page"}],"author":[{"embeddable":true,"href":"https:\/\/viconesquadria.com.br\/index.php?rest_route=\/wp\/v2\/users\/1"}],"replies":[{"embeddable":true,"href":"https:\/\/viconesquadria.com.br\/index.php?rest_route=%2Fwp%2Fv2%2Fcomments&post=10"}],"version-history":[{"count":35,"href":"https:\/\/viconesquadria.com.br\/index.php?rest_route=\/wp\/v2\/pages\/10\/revisions"}],"predecessor-version":[{"id":88,"href":"https:\/\/viconesquadria.com.br\/index.php?rest_route=\/wp\/v2\/pages\/10\/revisions\/88"}],"wp:attachment":[{"href":"https:\/\/viconesquadria.com.br\/index.php?rest_route=%2Fwp%2Fv2%2Fmedia&parent=10"}],"curies":[{"name":"wp","href":"https:\/\/api.w.org\/{rel}","templated":true}]}}